{"id":835,"date":"2026-02-10T18:19:31","date_gmt":"2026-02-10T17:19:31","guid":{"rendered":"https:\/\/www.db0npr.de\/?page_id=835"},"modified":"2026-02-12T17:48:50","modified_gmt":"2026-02-12T16:48:50","slug":"svxreflector-dashboard","status":"publish","type":"page","link":"https:\/\/www.db0npr.de\/index.php\/svxreflector-dashboard\/","title":{"rendered":"SVXReflector Dashboard"},"content":{"rendered":"<p>12.02.206 SVXLINK Dashboard<\/p>\n<p>Ein SVXLink <a href=\"https:\/\/reflector.db0npr.de\/\">Dashboard<\/a> ist nun verf\u00fcgbar und steuert den Raspi auf dem 2m Einstieg (145.2375 Mhz) &#8211; zudem ist nun eine Verlinkung mit DB0BIT und DB0IKS auf der TG7 in der Eifel m\u00f6glich. Mit dem Dashborad kann man vom PC\/Handy die gew\u00fcnschte Sprechgruppe (TG) anw\u00e4hlen, oder den Monitor das mith\u00f6ren einer TG steuern.<\/p>\n<p>Viel Spass!<\/p>\n<div id=\"attachment_839\" style=\"width: 457px\" class=\"wp-caption alignnone\"><a href=\"https:\/\/reflector.db0npr.de\/\"><img loading=\"lazy\" decoding=\"async\" aria-describedby=\"caption-attachment-839\" class=\"wp-image-839\" src=\"https:\/\/www.db0npr.de\/wp-content\/uploads\/svx_dashboard-1024x919.jpg\" alt=\"Dashboard DB0NPR\" width=\"447\" height=\"401\" srcset=\"https:\/\/www.db0npr.de\/wp-content\/uploads\/svx_dashboard-1024x919.jpg 1024w, https:\/\/www.db0npr.de\/wp-content\/uploads\/svx_dashboard-300x269.jpg 300w, https:\/\/www.db0npr.de\/wp-content\/uploads\/svx_dashboard-768x690.jpg 768w, https:\/\/www.db0npr.de\/wp-content\/uploads\/svx_dashboard-1536x1379.jpg 1536w, https:\/\/www.db0npr.de\/wp-content\/uploads\/svx_dashboard.jpg 1968w\" sizes=\"auto, (max-width: 447px) 100vw, 447px\" \/><\/a><p id=\"caption-attachment-839\" class=\"wp-caption-text\">Dashboard DB0NPR<\/p><\/div>\n","protected":false},"excerpt":{"rendered":"<p>12.02.206 SVXLINK Dashboard Ein SVXLink Dashboard ist nun verf\u00fcgbar und steuert den Raspi auf dem 2m Einstieg (145.2375 Mhz) &#8211; zudem ist nun eine Verlinkung mit DB0BIT und DB0IKS auf der TG7 in der Eifel m\u00f6glich. Mit dem Dashborad kann man vom PC\/Handy die gew\u00fcnschte Sprechgruppe (TG) anw\u00e4hlen, oder den Monitor das mith\u00f6ren einer TG <a class=\"more-link\" href=\"https:\/\/www.db0npr.de\/index.php\/svxreflector-dashboard\/\">Weiterlesen\u00a0\u2026<\/a><\/p>\n","protected":false},"author":1,"featured_media":0,"parent":0,"menu_order":0,"comment_status":"closed","ping_status":"closed","template":"","meta":{"footnotes":""},"class_list":["post-835","page","type-page","status-publish","hentry"],"_links":{"self":[{"href":"https:\/\/www.db0npr.de\/index.php\/wp-json\/wp\/v2\/pages\/835","targetHints":{"allow":["GET"]}}],"collection":[{"href":"https:\/\/www.db0npr.de\/index.php\/wp-json\/wp\/v2\/pages"}],"about":[{"href":"https:\/\/www.db0npr.de\/index.php\/wp-json\/wp\/v2\/types\/page"}],"author":[{"embeddable":true,"href":"https:\/\/www.db0npr.de\/index.php\/wp-json\/wp\/v2\/users\/1"}],"replies":[{"embeddable":true,"href":"https:\/\/www.db0npr.de\/index.php\/wp-json\/wp\/v2\/comments?post=835"}],"version-history":[{"count":2,"href":"https:\/\/www.db0npr.de\/index.php\/wp-json\/wp\/v2\/pages\/835\/revisions"}],"predecessor-version":[{"id":846,"href":"https:\/\/www.db0npr.de\/index.php\/wp-json\/wp\/v2\/pages\/835\/revisions\/846"}],"wp:attachment":[{"href":"https:\/\/www.db0npr.de\/index.php\/wp-json\/wp\/v2\/media?parent=835"}],"curies":[{"name":"wp","href":"https:\/\/api.w.org\/{rel}","templated":true}]}}