{"id":310,"date":"2024-09-08T10:22:04","date_gmt":"2024-09-08T08:22:04","guid":{"rendered":"https:\/\/www.db0npr.de\/?page_id=310"},"modified":"2026-02-18T13:57:06","modified_gmt":"2026-02-18T12:57:06","slug":"links","status":"publish","type":"page","link":"https:\/\/www.db0npr.de\/index.php\/links\/","title":{"rendered":"Links"},"content":{"rendered":"\r\n<h3>Links:<\/h3>\r\n\r\n\r\n\r\n<p>Hier ein paar n\u00fctzliche Links zum Thema Amateurfunk &#8211; wird st\u00e4ndig erweitert &#8211;<\/p>\r\n<p>&nbsp;<\/p>\r\n<p><a href=\"https:\/\/hf.dxview.org\/\" target=\"_blank\" rel=\"noopener\">F\u00fcr HF Spotter und DX&#8217;er eine sch\u00f6ne Karte der Ausbreitungsbedingungen per BAND!<\/a><\/p>\r\n<p>Ausbreitungsbedingungen<\/p>\r\n<div id=\"attachment_560\" style=\"width: 790px\" class=\"wp-caption alignnone\"><img loading=\"lazy\" decoding=\"async\" aria-describedby=\"caption-attachment-560\" class=\"wp-image-560 size-large\" src=\"https:\/\/www.db0npr.de\/wp-content\/uploads\/MUF-1024x521.jpg\" alt=\"Ausbreitung\" width=\"780\" height=\"397\" srcset=\"https:\/\/www.db0npr.de\/wp-content\/uploads\/MUF-1024x521.jpg 1024w, https:\/\/www.db0npr.de\/wp-content\/uploads\/MUF-300x153.jpg 300w, https:\/\/www.db0npr.de\/wp-content\/uploads\/MUF-768x391.jpg 768w, https:\/\/www.db0npr.de\/wp-content\/uploads\/MUF-1536x781.jpg 1536w, https:\/\/www.db0npr.de\/wp-content\/uploads\/MUF.jpg 1691w\" sizes=\"auto, (max-width: 780px) 100vw, 780px\" \/><p id=\"caption-attachment-560\" class=\"wp-caption-text\">HF ausbreitung<\/p><\/div>\r\n<p>&nbsp;<\/p>\r\n<p><strong><span style=\"color: #ff0000;\">Interessant<\/span>:<\/strong> noch eine sch\u00f6ne DX Cluster Seite mit vielen Einstellm\u00f6glichkeiten-&gt;<a href=\"https:\/\/dxheat.com\/dxc\/\"> https:\/\/dxheat.com\/dxc\/<\/a> &#8211; probiert es mal aus &#8230;<\/p>\r\n<p><span style=\"color: #ff0000;\"><strong>Funkwetter:<\/strong><\/span> Info und Erkl\u00e4rungen zum Funkwetter gibt es hier:<a href=\"https:\/\/www.dl4zao.de\/funkwetter\/funkwetter_legende.html\" target=\"_blank\" rel=\"noopener\">Funkwetter<\/a><\/p>\r\n<p><span style=\"color: #ff0000;\"><strong>Baken:<\/strong> <\/span>Lust auf <a href=\"http:\/\/www.dl8wx.de\/bake_kw.htm\">Bakensuche<\/a> (weltweit) hier eine sch\u00f6ne aktuelle Auflistung <a href=\"http:\/\/www.dl8wx.de\/bake_kw.htm\">von DL8WX<\/a><\/p>\r\n<h4><strong><a href=\"https:\/\/www.pa7lim.nl\/doozy\/\">Doozy<\/a>: <\/strong>ein Windows\/Android Client f\u00fcr D-Star,<\/h4>\r\n<p>hiermit hat man die M\u00f6glichkeit, via dem Terminalmodus \u00fcber eine Icom Funke an dem Rechner \/ Handy zu betreiben.<\/p>\r\n<p>Weitere Info unter der\u00a0 <a href=\"https:\/\/www.pa7lim.nl\/doozy\/\">Website Doozy PA7LIM<\/a>, die ausf\u00fchrlich beschreibt, welche Einstellungen vorzunehmen sind und welche Ger\u00e4te schon getestet wurden.\u00a0<\/p>\r\n<p>Also auf geht&#8217;s !<\/p>\r\n<hr \/>\r\n<p><strong>Interessant: HF Propagation &#8211; Durch Zufall bin ich bei der Suche nach Ausbreitungsbedingungen auf das Program Vocapl gestossen.<\/strong><br \/><br \/><strong>Hier kann man nach Eingabe von QTH Sendeleistung Antenne etc. f\u00fcr sein Equipment eine aktuelle und Vorhersage der Bedigungen f\u00fcr HF B\u00e4nder oder EME generieren. <\/strong><\/p>\r\n<p><strong>Ein Wiki gibt es und <a href=\"https:\/\/voacap1.rssing.com\/chan-50713101\/latest.php\">hier<\/a> , dar Vorhersage Tool ist dort: <a href=\"https:\/\/www.voacap.com\/hf\/#\">https:\/\/www.voacap.com\/hf\/#\u00a0<\/a><\/strong><br \/><br \/>Viel Spass<\/p>\r\n<p>&nbsp;<\/p>\r\n<p><a href=\"https:\/\/www.echolink.org\/\" target=\"_blank\" rel=\"noopener\">Infos \u00fcber Echolink<\/a><\/p>\r\n","protected":false},"excerpt":{"rendered":"<p>Links: Hier ein paar n\u00fctzliche Links zum Thema Amateurfunk &#8211; wird st\u00e4ndig erweitert &#8211; &nbsp; F\u00fcr HF Spotter und DX&#8217;er eine sch\u00f6ne Karte der Ausbreitungsbedingungen per BAND! Ausbreitungsbedingungen &nbsp; Interessant: noch eine sch\u00f6ne DX Cluster Seite mit vielen Einstellm\u00f6glichkeiten-&gt; https:\/\/dxheat.com\/dxc\/ &#8211; probiert es mal aus &#8230; Funkwetter: Info und Erkl\u00e4rungen zum Funkwetter gibt es hier:Funkwetter <a class=\"more-link\" href=\"https:\/\/www.db0npr.de\/index.php\/links\/\">Weiterlesen\u00a0\u2026<\/a><\/p>\n","protected":false},"author":1,"featured_media":0,"parent":0,"menu_order":0,"comment_status":"closed","ping_status":"closed","template":"","meta":{"footnotes":""},"class_list":["post-310","page","type-page","status-publish","hentry"],"_links":{"self":[{"href":"https:\/\/www.db0npr.de\/index.php\/wp-json\/wp\/v2\/pages\/310","targetHints":{"allow":["GET"]}}],"collection":[{"href":"https:\/\/www.db0npr.de\/index.php\/wp-json\/wp\/v2\/pages"}],"about":[{"href":"https:\/\/www.db0npr.de\/index.php\/wp-json\/wp\/v2\/types\/page"}],"author":[{"embeddable":true,"href":"https:\/\/www.db0npr.de\/index.php\/wp-json\/wp\/v2\/users\/1"}],"replies":[{"embeddable":true,"href":"https:\/\/www.db0npr.de\/index.php\/wp-json\/wp\/v2\/comments?post=310"}],"version-history":[{"count":13,"href":"https:\/\/www.db0npr.de\/index.php\/wp-json\/wp\/v2\/pages\/310\/revisions"}],"predecessor-version":[{"id":854,"href":"https:\/\/www.db0npr.de\/index.php\/wp-json\/wp\/v2\/pages\/310\/revisions\/854"}],"wp:attachment":[{"href":"https:\/\/www.db0npr.de\/index.php\/wp-json\/wp\/v2\/media?parent=310"}],"curies":[{"name":"wp","href":"https:\/\/api.w.org\/{rel}","templated":true}]}}