{"id":31,"date":"2024-09-07T16:44:20","date_gmt":"2024-09-07T14:44:20","guid":{"rendered":"https:\/\/192.168.1.105\/wordpress\/?page_id=31"},"modified":"2025-12-01T17:32:32","modified_gmt":"2025-12-01T16:32:32","slug":"wettersonden","status":"publish","type":"page","link":"https:\/\/www.db0npr.de\/index.php\/wettersonden\/","title":{"rendered":"Wettersonden (Ballons)"},"content":{"rendered":"\r\n\r\n\r\n<p><a href=\"https:\/\/sonde.db0npr.de\" target=\"_blank\" rel=\"noopener\" data-type=\"URL\" data-id=\"sonde.dg8jt.de\">Wetterballontracke<\/a>r<\/p>\r\n<p>F\u00fcr alle die Interesse an Wettersonden, Flugrouten und aktuelle H\u00f6hendaten wie (Temp. Luftdruck, H\u00f6he, Geschwindigkeit etc.haben, oder mal eine Sonde suchen m\u00f6chten, gibt es hier die sch\u00f6ne M\u00f6glickeit dazu.<\/p>\r\n<p>Das Besondere an diesem Empf\u00e4nger ist, das er die Software von\u00a0 <a href=\"https:\/\/github.com\/ka9q\/ka9q-radio\" target=\"_blank\" rel=\"noopener\">KA9Q-radio<\/a> benutzt und damit in der Lage ist,<span style=\"color: #ff0000;\"> GLEICHZEITIG 8 Sonden in Echtzeit zu verfolgen!<\/span><\/p>\r\n\r\n\r\n\r\n<p>Es starten t\u00e4glich weltweit mehrere hundert Wettersonden von meterologischen Instituten, Beh\u00f6rden und dem Milit\u00e4r. Diese Sonden senden im 70cm Band bei 400-406 Mhz und werden von einem Raspberry mit einen SDRPlay empfangen.<\/p>\r\n<p>Die n\u00e4chstgelegen Start-Standorte sind Idar-Oberstein (BW), Essen (DWD), Mayen(BW), Elsenborn (Milit\u00e4r), J\u00fclich (KFZ) und viele weitere.<\/p>\r\n<p>Die Startzeiten sind in <span style=\"color: #ff0000;\">UTC<\/span>\u00a0 5:45, 11:45, 17:45, 23:45 &#8211; bei besonderen Wetterlagen auch dazwischen &#8211; bei \u00dcbungen\/Ausbildung der Bunderswehr auch schon mal den ganzen Tag \u00fcber.\u00a0<\/p>\r\n<p>Hier geht&#8217;s zu den Sonden: &#8211;&gt;&gt;<a href=\"https:\/\/sonde.db0npr.de\" target=\"_blank\" rel=\"noopener\"> Ballon Tracker<\/a> &lt;&lt;&#8211; oder unten auf das Bild klicken!<\/p>\r\n\r\n\r\n\r\n<figure class=\"wp-block-image size-full\">\r\n<div id=\"attachment_765\" style=\"width: 790px\" class=\"wp-caption alignnone\"><a href=\"http:\/\/sonde.db0npr.de\"><img loading=\"lazy\" decoding=\"async\" aria-describedby=\"caption-attachment-765\" class=\"wp-image-765 size-large\" src=\"https:\/\/www.db0npr.de\/wp-content\/uploads\/sonde111-1024x697.jpg\" alt=\"Wetterballons\" width=\"780\" height=\"531\" srcset=\"https:\/\/www.db0npr.de\/wp-content\/uploads\/sonde111-1024x697.jpg 1024w, https:\/\/www.db0npr.de\/wp-content\/uploads\/sonde111-300x204.jpg 300w, https:\/\/www.db0npr.de\/wp-content\/uploads\/sonde111-768x522.jpg 768w, https:\/\/www.db0npr.de\/wp-content\/uploads\/sonde111-1536x1045.jpg 1536w, https:\/\/www.db0npr.de\/wp-content\/uploads\/sonde111-2048x1393.jpg 2048w\" sizes=\"auto, (max-width: 780px) 100vw, 780px\" \/><\/a><p id=\"caption-attachment-765\" class=\"wp-caption-text\">Wetterballons<\/p><\/div>\r\n<\/figure>\r\n\r\n\r\n\r\n\r\n\r\n<p>Der Receiver hat eine Reichweite von bis ca. 500 km und kann bis zu 8 Sonden gleichzeitig decodieren.<\/p>\r\n\r\n\r\n\r\n\r\n\r\n<p>Vielleicht findest Du ja auch eine in Deiner N\u00e4he &#8230;.<\/p>\r\n\r\n\r\n\r\n<p><img loading=\"lazy\" decoding=\"async\" class=\"alignnone wp-image-435 size-thumbnail\" src=\"https:\/\/www.db0npr.de\/wp-content\/uploads\/2024\/09\/vaisala-150x150.jpg\" alt=\"Radiosonde\" width=\"150\" height=\"150\" srcset=\"https:\/\/www.db0npr.de\/wp-content\/uploads\/2024\/09\/vaisala-150x150.jpg 150w, https:\/\/www.db0npr.de\/wp-content\/uploads\/2024\/09\/vaisala-200x200.jpg 200w, https:\/\/www.db0npr.de\/wp-content\/uploads\/2024\/09\/vaisala-100x100.jpg 100w, https:\/\/www.db0npr.de\/wp-content\/uploads\/2024\/09\/vaisala-40x40.jpg 40w\" sizes=\"auto, (max-width: 150px) 100vw, 150px\" \/><\/p>\r\n<p>Diese Sonden k\u00f6nnen, wenn sie gefunden werden f\u00fcr Amateurfunkzwecke umprogrammiert werden, z.B. als Fuchsjagdsender, APRS Sender, Horus 1&amp;2 Ballon Sender, CW etc &#8230; also aufsammeln. Das ist auch im Interesse des Naturschutzes, da die Sonden aus einer Styroporh\u00fclle und der Ballon aus Kautschuck bestehen, mal abgesehen von der Platine und Batterien.<\/p>\r\n<p>Diese umgebauten Sonden kann man unter <a href=\"https:\/\/amateur.sondehub.org\" target=\"_blank\" rel=\"noopener\">AmateurSondeHUB<\/a> beobachten.<\/p>\r\n<div id=\"attachment_483\" style=\"width: 790px\" class=\"wp-caption alignnone\"><a href=\"https:\/\/www.db0npr.de\/wp-content\/uploads\/AmateurSonde.jpg\" target=\"_blank\" rel=\"noopener\"><img loading=\"lazy\" decoding=\"async\" aria-describedby=\"caption-attachment-483\" class=\"wp-image-483 size-large\" src=\"https:\/\/www.db0npr.de\/wp-content\/uploads\/AmateurSonde-1024x614.jpg\" alt=\"amateur.sondehub.org\" width=\"780\" height=\"468\" srcset=\"https:\/\/www.db0npr.de\/wp-content\/uploads\/AmateurSonde-1024x614.jpg 1024w, https:\/\/www.db0npr.de\/wp-content\/uploads\/AmateurSonde-300x180.jpg 300w, https:\/\/www.db0npr.de\/wp-content\/uploads\/AmateurSonde-768x460.jpg 768w, https:\/\/www.db0npr.de\/wp-content\/uploads\/AmateurSonde.jpg 1412w\" sizes=\"auto, (max-width: 780px) 100vw, 780px\" \/><\/a><p id=\"caption-attachment-483\" class=\"wp-caption-text\">amateur.sondehub.org<\/p><\/div>\r\n<p>\r\n\r\n<\/p>\r\n<p>&nbsp;<\/p>\r\n","protected":false},"excerpt":{"rendered":"<p>Wetterballontracker F\u00fcr alle die Interesse an Wettersonden, Flugrouten und aktuelle H\u00f6hendaten wie (Temp. Luftdruck, H\u00f6he, Geschwindigkeit etc.haben, oder mal eine Sonde suchen m\u00f6chten, gibt es hier die sch\u00f6ne M\u00f6glickeit dazu. Das Besondere an diesem Empf\u00e4nger ist, das er die Software von\u00a0 KA9Q-radio benutzt und damit in der Lage ist, GLEICHZEITIG 8 Sonden in Echtzeit zu <a class=\"more-link\" href=\"https:\/\/www.db0npr.de\/index.php\/wettersonden\/\">Weiterlesen\u00a0\u2026<\/a><\/p>\n","protected":false},"author":1,"featured_media":0,"parent":0,"menu_order":0,"comment_status":"open","ping_status":"closed","template":"","meta":{"footnotes":""},"class_list":["post-31","page","type-page","status-publish","hentry"],"_links":{"self":[{"href":"https:\/\/www.db0npr.de\/index.php\/wp-json\/wp\/v2\/pages\/31","targetHints":{"allow":["GET"]}}],"collection":[{"href":"https:\/\/www.db0npr.de\/index.php\/wp-json\/wp\/v2\/pages"}],"about":[{"href":"https:\/\/www.db0npr.de\/index.php\/wp-json\/wp\/v2\/types\/page"}],"author":[{"embeddable":true,"href":"https:\/\/www.db0npr.de\/index.php\/wp-json\/wp\/v2\/users\/1"}],"replies":[{"embeddable":true,"href":"https:\/\/www.db0npr.de\/index.php\/wp-json\/wp\/v2\/comments?post=31"}],"version-history":[{"count":23,"href":"https:\/\/www.db0npr.de\/index.php\/wp-json\/wp\/v2\/pages\/31\/revisions"}],"predecessor-version":[{"id":787,"href":"https:\/\/www.db0npr.de\/index.php\/wp-json\/wp\/v2\/pages\/31\/revisions\/787"}],"wp:attachment":[{"href":"https:\/\/www.db0npr.de\/index.php\/wp-json\/wp\/v2\/media?parent=31"}],"curies":[{"name":"wp","href":"https:\/\/api.w.org\/{rel}","templated":true}]}}