{"id":29,"date":"2024-09-07T16:44:19","date_gmt":"2024-09-07T14:44:19","guid":{"rendered":"https:\/\/192.168.1.105\/wordpress\/?page_id=29"},"modified":"2025-12-01T17:27:51","modified_gmt":"2025-12-01T16:27:51","slug":"websdr","status":"publish","type":"page","link":"https:\/\/www.db0npr.de\/index.php\/websdr\/","title":{"rendered":"WebSDR"},"content":{"rendered":"\r\n\r\n\r\n<p><a href=\"https:\/\/websdr.db0npr.de\" target=\"_blank\" rel=\"noopener\" data-type=\"URL\" data-id=\"https:\/\/websdr.dg8jt.de\">Openwebrx+<\/a> Hallo, hier habt ihr die M\u00f6glichkeit einen WebSDR zu bedienen und abzuh\u00f6ren.\u00a0<\/p>\r\n\r\n\r\n\r\n<p>Basierend auf einem Raspberry Pi4 l\u00e4uft hier ein <a href=\"https:\/\/www.sdrplay.com\" target=\"_blank\" rel=\"noopener\" data-type=\"URL\" data-id=\"https:\/\/www.sdrplay.com\"><del>SDRplay<\/del><\/a> ein RTL DVB-T Stick als Empf\u00e4nger mit der Software von <a href=\"http:\/\/https:\/\/www.openwebrx.de\" target=\"_blank\" rel=\"noopener\" data-type=\"URL\" data-id=\"http:\/\/https:\/\/www.openwebrx.de\">OpenwebRX<\/a>.<\/p>\r\n<p>Derzeit ist der Empfang auf das 2 Meter und 70cm Band beschr\u00e4nkt, da mit einer VHF\/UHF Antenne betrieben.<\/p>\r\n<p>Leider gibt es auch hier das Problem der St\u00f6rungen von den s.g. Balkonkraftwerken, die auch aktiv sind.<\/p>\r\n<p>Also wenn die Signale mal nicht so gut sind, liegt es daran, oder das Relais DB0NPR selber auf Sendung ist!<\/p>\r\n<p>Hier geht zum\u00a0 &#8211;&gt;&gt; <a href=\"https:\/\/websdr.db0npr.de\" target=\"_blank\" rel=\"noopener\" data-type=\"URL\" data-id=\"https:\/\/websdr.dg8jt.de\">Openwebrx<\/a> &lt;&lt;&#8211; oder unten auf das Bild klicken!<\/p>\r\n\r\n\r\n\r\n<figure class=\"wp-block-image size-full\">\r\n<div id=\"attachment_161\" style=\"width: 1005px\" class=\"wp-caption alignnone\"><a href=\"https:\/\/websdr.db0npr.de\" target=\"_blank\" rel=\"noopener\"><img loading=\"lazy\" decoding=\"async\" aria-describedby=\"caption-attachment-161\" class=\"wp-image-161\" src=\"https:\/\/www.db0npr.de\/wp-content\/uploads\/2024\/09\/openwebrx-768x463-1.png\" alt=\"DB0NPR WebSDR\" width=\"995\" height=\"600\" srcset=\"https:\/\/www.db0npr.de\/wp-content\/uploads\/2024\/09\/openwebrx-768x463-1.png 768w, https:\/\/www.db0npr.de\/wp-content\/uploads\/2024\/09\/openwebrx-768x463-1-300x181.png 300w\" sizes=\"auto, (max-width: 995px) 100vw, 995px\" \/><\/a><p id=\"caption-attachment-161\" class=\"wp-caption-text\">DB0NPR WebSDR<\/p><\/div>\r\n<\/figure>\r\n\r\n\r\n\r\n<p>Der WebSDR hat derzeit ist eine VHF\/UHF Antenne angeschlossen und daher f\u00fcr die B\u00e4nder von 6 Meter aufw\u00e4rts zu benutzen.<\/p>\r\n\r\n\r\n\r\n<p>Der RX kann verschiedenste Modulationsarten DMR, D-STAR, C4FM etc. dekodieren, schaut mal rein &#8230;.<\/p>\r\n<p>Interesant ist auch mal das eigne Signal abzuh\u00f6ren!<\/p>\r\n<p>Falls mal ein Websocket Error erscheint, warten &#8211; dann verbindet sich der OpenewebRX neu &#8211; dauert so 4-8 Sekunden.<\/p>\r\n<p><span style=\"color: #ff0000;\">UND bitte ein Feedback zum OpenwebRX. Danke!<\/span><\/p>\r\n<p>&nbsp;<\/p>\r\n\r\n\r\n\r\n<p>&nbsp;<\/p>\r\n","protected":false},"excerpt":{"rendered":"<p>Openwebrx+ Hallo, hier habt ihr die M\u00f6glichkeit einen WebSDR zu bedienen und abzuh\u00f6ren.\u00a0 Basierend auf einem Raspberry Pi4 l\u00e4uft hier ein SDRplay ein RTL DVB-T Stick als Empf\u00e4nger mit der Software von OpenwebRX. Derzeit ist der Empfang auf das 2 Meter und 70cm Band beschr\u00e4nkt, da mit einer VHF\/UHF Antenne betrieben. Leider gibt es auch <a class=\"more-link\" href=\"https:\/\/www.db0npr.de\/index.php\/websdr\/\">Weiterlesen\u00a0\u2026<\/a><\/p>\n","protected":false},"author":1,"featured_media":0,"parent":0,"menu_order":0,"comment_status":"open","ping_status":"closed","template":"","meta":{"footnotes":""},"class_list":["post-29","page","type-page","status-publish","hentry"],"_links":{"self":[{"href":"https:\/\/www.db0npr.de\/index.php\/wp-json\/wp\/v2\/pages\/29","targetHints":{"allow":["GET"]}}],"collection":[{"href":"https:\/\/www.db0npr.de\/index.php\/wp-json\/wp\/v2\/pages"}],"about":[{"href":"https:\/\/www.db0npr.de\/index.php\/wp-json\/wp\/v2\/types\/page"}],"author":[{"embeddable":true,"href":"https:\/\/www.db0npr.de\/index.php\/wp-json\/wp\/v2\/users\/1"}],"replies":[{"embeddable":true,"href":"https:\/\/www.db0npr.de\/index.php\/wp-json\/wp\/v2\/comments?post=29"}],"version-history":[{"count":29,"href":"https:\/\/www.db0npr.de\/index.php\/wp-json\/wp\/v2\/pages\/29\/revisions"}],"predecessor-version":[{"id":786,"href":"https:\/\/www.db0npr.de\/index.php\/wp-json\/wp\/v2\/pages\/29\/revisions\/786"}],"wp:attachment":[{"href":"https:\/\/www.db0npr.de\/index.php\/wp-json\/wp\/v2\/media?parent=29"}],"curies":[{"name":"wp","href":"https:\/\/api.w.org\/{rel}","templated":true}]}}