{"id":28,"date":"2024-09-07T16:44:19","date_gmt":"2024-09-07T14:44:19","guid":{"rendered":"https:\/\/192.168.1.105\/wordpress\/?page_id=28"},"modified":"2024-11-07T10:35:00","modified_gmt":"2024-11-07T09:35:00","slug":"dmr-d-star","status":"publish","type":"page","link":"https:\/\/www.db0npr.de\/index.php\/dmr-d-star\/","title":{"rendered":"DMR &#038; D-STAR"},"content":{"rendered":"\r\n<figure class=\"wp-block-image size-large\">\r\n<div id=\"attachment_68\" style=\"width: 1034px\" class=\"wp-caption alignnone\"><img loading=\"lazy\" decoding=\"async\" aria-describedby=\"caption-attachment-68\" class=\"wp-image-68\" src=\"https:\/\/www.db0npr.de\/wp-content\/uploads\/2024\/09\/DB0NPR_Coverage1-1024x438.png\" alt=\"Relais DB0NPR Reichweitensch\u00e4tzung\" width=\"1024\" height=\"438\" srcset=\"https:\/\/www.db0npr.de\/wp-content\/uploads\/2024\/09\/DB0NPR_Coverage1-1024x438.png 1024w, https:\/\/www.db0npr.de\/wp-content\/uploads\/2024\/09\/DB0NPR_Coverage1-300x128.png 300w, https:\/\/www.db0npr.de\/wp-content\/uploads\/2024\/09\/DB0NPR_Coverage1-768x328.png 768w, https:\/\/www.db0npr.de\/wp-content\/uploads\/2024\/09\/DB0NPR_Coverage1-1536x657.png 1536w, https:\/\/www.db0npr.de\/wp-content\/uploads\/2024\/09\/DB0NPR_Coverage1-1200x514.png 1200w, https:\/\/www.db0npr.de\/wp-content\/uploads\/2024\/09\/DB0NPR_Coverage1.png 1675w\" sizes=\"auto, (max-width: 1024px) 100vw, 1024px\" \/><p id=\"caption-attachment-68\" class=\"wp-caption-text\">DB0NPR Reichweiten<\/p><\/div>\r\n<\/figure>\r\n\r\n\r\n\r\n<h2 class=\"wp-block-heading\"><strong>Multimode Relais DB0NPR &#8211; FM\/DMR\/D-STAR<\/strong><\/h2>\r\n\r\n\r\n\r\n<p><strong>Um das Relais in digital abgleichen zu k\u00f6nnen, brauche ich Unterst\u00fctzung.<\/strong><\/p>\r\n\r\n\r\n\r\n<p>Das hei\u00dft, das jemand digital Signale sendet und ich den Empf\u00e4nger abgleichen kann. Leider geht es hier lokal sehr schlecht, da ich mir den RX selbst immer zustopfe.<\/p>\r\n\r\n\r\n\r\n<blockquote class=\"wp-block-quote is-layout-flow wp-block-quote-is-layout-flow\">\r\n<p><span style=\"color: #ff0000;\">Bitte beachten, das der Repeater bei Digitalbetrieb gnadenlos \u00fcber laufendendes FM QSO dr\u00fcberb\u00fcgelt!<\/span><\/p>\r\n\r\n\r\n\r\n<p><strong>Vor einem Digital QSO bitte pr\u00fcfen ob die QRG frei ist!<\/strong><\/p>\r\n<h6><span style=\"color: #ff0000;\"><strong>Hinweis: Am besten schaltet Ihr das FM-Funknetz vor dem Digitalbetrieb ab!<\/strong><\/span><\/h6>\r\n<h6><span style=\"color: #ff0000;\"><strong>Das geht mit <span style=\"color: #ff00ff;\"><em>DTMF *9#<\/em><\/span><\/strong><em>\u00a0<\/em><strong> &#8211; danach kommt eine Ansage!\u00a0 Dann kann das FM-Funknetz nicht mehr dazwischenfunken!<\/strong><\/span><\/h6>\r\n<p>Die digitalen Betriebsarten sind gegeneinander verriegelt, d.h. was gerade l\u00e4uft hat den &#8222;Hut&#8220; auf.<\/p>\r\n<\/blockquote>\r\n\r\n\r\n\r\n<h2 class=\"wp-block-heading\">DMR<\/h2>\r\n\r\n\r\n\r\n<p>Die Repeater <strong>DMR ID<\/strong> is 262156<\/p>\r\n\r\n\r\n\r\n<p>Der Repeater ist mit dem DMR <a href=\"https:\/\/brandmeister.network\/\" target=\"_blank\" rel=\"noopener\" data-type=\"URL\" data-id=\"https:\/\/brandmeister.network\/\">Brandmeister Netz<\/a> verbunden und auf folgende Talkgroup aufgeschaltet:<\/p>\r\n\r\n\r\n\r\n<p>im Zeitschlitz 2 auf der TG8 (Westerwald)<\/p>\r\n\r\n\r\n\r\n<p>im Zeitschlitz 1 TG 9112 (Notruf)<\/p>\r\n\r\n\r\n\r\n<p>Das Relais trennt nach 15 Minuten automatisch die Verbindung zum Brandmeister Netz und geht wieder auf Standby.<\/p>\r\n\r\n\r\n\r\n<h2 class=\"wp-block-heading\">D-STAR<\/h2>\r\n\r\n\r\n\r\n<p>Der Repeater kann auf diverse Reflektoren aufgeschaltet werden, ist jedoch Default m\u00e4\u00dfig nicht verbunden!<\/p>\r\n\r\n\r\n\r\n<p>Eine \u00dcbersicht -Dashboard- vom <a href=\"http:\/\/dcs001.xreflector.net\/#\" target=\"_blank\" rel=\"noopener\" data-type=\"URL\" data-id=\"http:\/\/dcs001.xreflector.net\/#\">Reflector DCS001<\/a><\/p>\r\n\r\n\r\n\r\n<p>Ein sch\u00f6ne D-STAR Anleitung f\u00fcr ICOM Funkger\u00e4te gibt es vom OV A-13 <a href=\"https:\/\/a23-wertheim.de\/downloads\/d-star\/anleitungen-d-star\" target=\"_blank\" rel=\"noopener\" data-type=\"URL\" data-id=\"https:\/\/a23-wertheim.de\/downloads\/d-star\/anleitungen-d-star\">hier<\/a>.<\/p>\r\n\r\n\r\n\r\n<p>Bitte f\u00fcr Gateway Betrieb die entsprechenden Einstellungen f\u00fcr das jeweilige Funkger\u00e4t benutzen.<\/p>\r\n\r\n\r\n\r\n<p>wir z.B. <strong>DB0NPR B<\/strong><\/p>\r\n\r\n\r\n\r\n<p>Eine gute D-STAR Anleitung als PDF gefunden auf <a href=\"http:\/\/www.db0gm.de\/pdf\/d_star_handbuch.pdf\" target=\"_blank\" rel=\"noopener\" data-type=\"URL\" data-id=\"http:\/\/www.db0gm.de\/pdf\/d_star_handbuch.pdf\">DB0GM<\/a> findet Ihr hier:<\/p>\r\n\r\n\r\n\r\n<div data-wp-interactive=\"core\/file\" class=\"wp-block-file\"><object data-wp-bind--hidden=\"!state.hasPdfPreview\" hidden class=\"wp-block-file__embed\" style=\"width: 100%; height: 600px;\" data=\"https:\/\/www.db0npr.de\/wp-content\/uploads\/2024\/09\/d_star_handbuch.pdf\" type=\"application\/pdf\" width=\"300\" height=\"150\" aria-label=\"Einbettung von d_star_handbuch.\"><\/object><a id=\"wp-block-file--media-bcded403-639a-4c8d-9947-b85dcb3e399f\" href=\"https:\/\/www.db0npr.de\/wp-content\/uploads\/2024\/09\/d_star_handbuch.pdf\" target=\"_blank\" rel=\"noopener\">D-STAR Handbuch h<\/a><a class=\"wp-block-file__button wp-element-button\" href=\"https:\/\/www.db0npr.de\/wp-content\/uploads\/2024\/09\/d_star_handbuch.pdf\" download=\"\" aria-describedby=\"wp-block-file--media-bcded403-639a-4c8d-9947-b85dcb3e399f\">erunterladen<\/a><\/div>\r\n\r\n\r\n\r\n<p>Weiterf\u00fchrende Infos unter <a href=\"https:\/\/de.wikipedia.org\/wiki\/D-STAR\" target=\"_blank\" rel=\"noopener\" data-type=\"URL\" data-id=\"https:\/\/de.wikipedia.org\/wiki\/D-STAR\">Wikipedia<\/a><\/p>\r\n\r\n\r\n\r\n<p>&nbsp;<\/p>\r\n\r\n\r\n\r\n<p>W\u00fcrde mich \u00fcber ein digital QSO freuen&#8230; bis bald DG8JT Joachim<\/p>\r\n\r\n\r\n\r\n<p>&nbsp;<\/p>\r\n","protected":false},"excerpt":{"rendered":"<p>Multimode Relais DB0NPR &#8211; FM\/DMR\/D-STAR Um das Relais in digital abgleichen zu k\u00f6nnen, brauche ich Unterst\u00fctzung. Das hei\u00dft, das jemand digital Signale sendet und ich den Empf\u00e4nger abgleichen kann. Leider geht es hier lokal sehr schlecht, da ich mir den RX selbst immer zustopfe. Bitte beachten, das der Repeater bei Digitalbetrieb gnadenlos \u00fcber laufendendes FM <a class=\"more-link\" href=\"https:\/\/www.db0npr.de\/index.php\/dmr-d-star\/\">Weiterlesen\u00a0\u2026<\/a><\/p>\n","protected":false},"author":1,"featured_media":0,"parent":0,"menu_order":0,"comment_status":"open","ping_status":"closed","template":"","meta":{"footnotes":""},"class_list":["post-28","page","type-page","status-publish","hentry"],"_links":{"self":[{"href":"https:\/\/www.db0npr.de\/index.php\/wp-json\/wp\/v2\/pages\/28","targetHints":{"allow":["GET"]}}],"collection":[{"href":"https:\/\/www.db0npr.de\/index.php\/wp-json\/wp\/v2\/pages"}],"about":[{"href":"https:\/\/www.db0npr.de\/index.php\/wp-json\/wp\/v2\/types\/page"}],"author":[{"embeddable":true,"href":"https:\/\/www.db0npr.de\/index.php\/wp-json\/wp\/v2\/users\/1"}],"replies":[{"embeddable":true,"href":"https:\/\/www.db0npr.de\/index.php\/wp-json\/wp\/v2\/comments?post=28"}],"version-history":[{"count":22,"href":"https:\/\/www.db0npr.de\/index.php\/wp-json\/wp\/v2\/pages\/28\/revisions"}],"predecessor-version":[{"id":510,"href":"https:\/\/www.db0npr.de\/index.php\/wp-json\/wp\/v2\/pages\/28\/revisions\/510"}],"wp:attachment":[{"href":"https:\/\/www.db0npr.de\/index.php\/wp-json\/wp\/v2\/media?parent=28"}],"curies":[{"name":"wp","href":"https:\/\/api.w.org\/{rel}","templated":true}]}}