{"id":26,"date":"2024-09-07T16:44:18","date_gmt":"2024-09-07T14:44:18","guid":{"rendered":"https:\/\/192.168.1.105\/wordpress\/?page_id=26"},"modified":"2024-09-25T17:33:11","modified_gmt":"2024-09-25T15:33:11","slug":"locator-karte","status":"publish","type":"page","link":"https:\/\/www.db0npr.de\/index.php\/locator-karte\/","title":{"rendered":"Locator \/ Karte"},"content":{"rendered":"\r\n<p>&nbsp;<\/p>\r\n\r\n\r\n\r\n<p>Der Repeater befindet sich in <a href=\"https:\/\/www.hb9eyz.ch\/g_locator.php\" target=\"_blank\" rel=\"noopener\">JO30RN<\/a> auf einem H\u00f6henzug am Wiedtal im wundersch\u00f6nen Naturpark Rhein-Westerwald auf 345 Meter \u00fcber N.N.<\/p>\r\n\r\n\r\n\r\n<p>Daher auch das Call &#8211; <strong>D B 0<\/strong> <a href=\"https:\/\/www.naturpark-rhein-westerwald.de\/\" target=\"_blank\" rel=\"noopener\"><em><strong>N<\/strong><\/em>atur <em><strong>P<\/strong><\/em>ark <strong><em>R<\/em><\/strong>hein-Westerwald<\/a><\/p>\r\n\r\n\r\n\r\n<p>Auf dem Bild ist die errechnete 70cm Abdeckung des Relais zu sehen.<\/p>\r\n\r\n\r\n\r\n<p>Rot=gute bis sehr gute Abdeckung<\/p>\r\n\r\n\r\n\r\n<p>Gelb=ausreichende Abdeckung<\/p>\r\n\r\n\r\n\r\n<p>Bitte um RX Rapporte &#8230;<\/p>\r\n\r\n\r\n\r\n<figure class=\"wp-block-image size-large\">\r\n<div id=\"attachment_68\" style=\"width: 1414px\" class=\"wp-caption alignnone\"><a href=\"https:\/\/www.db0npr.de\/wp-content\/uploads\/2024\/09\/DB0NPR_Coverage1.png\"><img loading=\"lazy\" decoding=\"async\" aria-describedby=\"caption-attachment-68\" class=\"wp-image-68\" src=\"https:\/\/www.db0npr.de\/wp-content\/uploads\/2024\/09\/DB0NPR_Coverage1-1024x438.png\" alt=\"DB0NPR Funk Abdedeckung\" width=\"1404\" height=\"600\" srcset=\"https:\/\/www.db0npr.de\/wp-content\/uploads\/2024\/09\/DB0NPR_Coverage1-1024x438.png 1024w, https:\/\/www.db0npr.de\/wp-content\/uploads\/2024\/09\/DB0NPR_Coverage1-300x128.png 300w, https:\/\/www.db0npr.de\/wp-content\/uploads\/2024\/09\/DB0NPR_Coverage1-768x328.png 768w, https:\/\/www.db0npr.de\/wp-content\/uploads\/2024\/09\/DB0NPR_Coverage1-1536x657.png 1536w, https:\/\/www.db0npr.de\/wp-content\/uploads\/2024\/09\/DB0NPR_Coverage1-1200x514.png 1200w, https:\/\/www.db0npr.de\/wp-content\/uploads\/2024\/09\/DB0NPR_Coverage1.png 1675w\" sizes=\"auto, (max-width: 1404px) 100vw, 1404px\" \/><\/a><p id=\"caption-attachment-68\" class=\"wp-caption-text\">DB0NPR Funk Abdedeckung<\/p><\/div>\r\n<\/figure>\r\n","protected":false},"excerpt":{"rendered":"<p>&nbsp; Der Repeater befindet sich in JO30RN auf einem H\u00f6henzug am Wiedtal im wundersch\u00f6nen Naturpark Rhein-Westerwald auf 345 Meter \u00fcber N.N. Daher auch das Call &#8211; D B 0 Natur Park Rhein-Westerwald Auf dem Bild ist die errechnete 70cm Abdeckung des Relais zu sehen. Rot=gute bis sehr gute Abdeckung Gelb=ausreichende Abdeckung Bitte um RX Rapporte <a class=\"more-link\" href=\"https:\/\/www.db0npr.de\/index.php\/locator-karte\/\">Weiterlesen\u00a0\u2026<\/a><\/p>\n","protected":false},"author":1,"featured_media":0,"parent":0,"menu_order":0,"comment_status":"open","ping_status":"closed","template":"","meta":{"footnotes":""},"class_list":["post-26","page","type-page","status-publish","hentry"],"_links":{"self":[{"href":"https:\/\/www.db0npr.de\/index.php\/wp-json\/wp\/v2\/pages\/26","targetHints":{"allow":["GET"]}}],"collection":[{"href":"https:\/\/www.db0npr.de\/index.php\/wp-json\/wp\/v2\/pages"}],"about":[{"href":"https:\/\/www.db0npr.de\/index.php\/wp-json\/wp\/v2\/types\/page"}],"author":[{"embeddable":true,"href":"https:\/\/www.db0npr.de\/index.php\/wp-json\/wp\/v2\/users\/1"}],"replies":[{"embeddable":true,"href":"https:\/\/www.db0npr.de\/index.php\/wp-json\/wp\/v2\/comments?post=26"}],"version-history":[{"count":9,"href":"https:\/\/www.db0npr.de\/index.php\/wp-json\/wp\/v2\/pages\/26\/revisions"}],"predecessor-version":[{"id":477,"href":"https:\/\/www.db0npr.de\/index.php\/wp-json\/wp\/v2\/pages\/26\/revisions\/477"}],"wp:attachment":[{"href":"https:\/\/www.db0npr.de\/index.php\/wp-json\/wp\/v2\/media?parent=26"}],"curies":[{"name":"wp","href":"https:\/\/api.w.org\/{rel}","templated":true}]}}