{"id":20,"date":"2024-09-07T16:41:58","date_gmt":"2024-09-07T14:41:58","guid":{"rendered":"https:\/\/192.168.1.105\/wordpress\/?page_id=20"},"modified":"2025-10-27T19:46:55","modified_gmt":"2025-10-27T18:46:55","slug":"technik","status":"publish","type":"page","link":"https:\/\/www.db0npr.de\/index.php\/technik\/","title":{"rendered":"Info \/ Technik \/ QRG"},"content":{"rendered":"\r\n<h1>DB0<span style=\"color: #ff0000;\">NPR<\/span> 70cm MMDVM-Multimode (SVXLINK \/ D-STAR \/ DMR \/ C4FM)<\/h1>\r\n<p>DB0NPR wir mit folgender Ausstattung betrieben:<\/p>\r\n\r\n\r\n\r\n<p>Raspberry PI3 mit <a href=\"https:\/\/github.com\/g4klx\/MMDVM\" target=\"_blank\" rel=\"noopener\">MMDVM<\/a> und einer Multimode Platine f\u00fcr die Betriebsarten FM \/ DMR \/ D-STAR \/ C4FM<\/p>\r\n<p>Das MMI MultiModeInterface erkennt, ob es sich um ein digital oder analog Signal handelt und schaltet entsprechend auf den MMDVM (digital)\u00a0 oder zu SVXLINK (analog) Zweig um.<\/p>\r\n\r\n\r\n\r\n<div class=\"wp-block-group is-vertical is-layout-flex wp-container-core-group-is-layout-8cf370e7 wp-block-group-is-layout-flex\"><\/div>\r\n<div class=\"wp-block-group\">\r\n<div class=\"wp-block-group\"><\/div>\r\n<\/div>\r\n<!-- \/wp:post-content -->\r\n\r\n<!-- wp:image {\"id\":181,\"sizeSlug\":\"full\",\"linkDestination\":\"none\"} -->\r\n<figure class=\"wp-block-image size-full\"><\/figure>\r\n<p>Das Ganze ist f\u00fcr den Notfallbetrieb mit einer 100AH LifePo4 Batterie schaltbar.<\/p>\r\n<p>Gesch\u00e4tzte Einsatzdauer, je nach Betrieb ca.60 Std., wobei Solarm\u00e4\u00dfig nachgeladen werden kann.<\/p>\r\n<p>&nbsp;<\/p>\r\n<table style=\"height: 782px;\" width=\"1211\">\r\n<tbody>\r\n<tr>\r\n<td>\u00a0Standort<\/td>\r\n<td>\u00a0Breitscheid\/Westerwald (B\u00e4renkopf &#8211; <span style=\"color: #ff0000;\"><strong>N<\/strong><\/span>atur<span style=\"color: #ff0000;\"><strong>P<\/strong><\/span>ark<span style=\"color: #ff0000;\"><strong>R<\/strong><\/span>hein Westerwald)<\/td>\r\n<\/tr>\r\n<tr>\r\n<td>\u00a0Koordinaten<\/td>\r\n<td><a href=\"http:\/\/aprs.fi\/#!mt=roadmap&amp;z=11&amp;call=a%2FDB0NPR&amp;timerange=3600&amp;tail=3600\" target=\"_blank\" rel=\"noopener\">\u00a050\u00b0 <code>56 25\" N \/ 07\u00b0 45<\/code>46&#8243; O<\/a><\/td>\r\n<\/tr>\r\n<tr>\r\n<td>\u00a0Locator<\/td>\r\n<td>\u00a0JO30RN<\/td>\r\n<\/tr>\r\n<tr>\r\n<td>\u00a0H\u00f6he<\/td>\r\n<td>\u00a0348 m \u00fcber NN<\/td>\r\n<\/tr>\r\n<tr>\r\n<td>\u00a0Ausgabe<\/td>\r\n<td>\u00a0439,2125 MHz und CTCSS 103.5 Hz<\/td>\r\n<\/tr>\r\n<tr>\r\n<td>\u00a0Eingabe<\/td>\r\n<td>\u00a0431,6125 MHz und CTCSS 103.5 Hz<\/td>\r\n<\/tr>\r\n<tr>\r\n<td>\u00a0Kanal<\/td>\r\n<td>\u00a0RU737<\/td>\r\n<\/tr>\r\n<tr>\r\n<td>\u00a0Bandbreite<\/td>\r\n<td>\u00a012,5 kHz<\/td>\r\n<\/tr>\r\n<tr>\r\n<td>\u00a0Strahlungsleistung<\/td>\r\n<td>\u00a015 Watt (EIRP)<\/td>\r\n<\/tr>\r\n<tr>\r\n<td>\u00a0Antenne<\/td>\r\n<td>\u00a0Groundplane V-2000<\/td>\r\n<\/tr>\r\n<tr>\r\n<td>\u00a0Antennenh\u00f6he<\/td>\r\n<td>\u00a010 m (\u00fcber Grund)<\/td>\r\n<\/tr>\r\n<tr>\r\n<td>\u00a0Sender<\/td>\r\n<td>\u00a0Motorola GM-360<\/td>\r\n<\/tr>\r\n<tr>\r\n<td>\u00a0Empf\u00e4nger<\/td>\r\n<td>Motorola GM-360<\/td>\r\n<\/tr>\r\n<tr>\r\n<td>\u00a0Duplex-Weiche<\/td>\r\n<td>Procom DPF 70\/6<\/td>\r\n<\/tr>\r\n<tr>\r\n<td>\u00a0DV-Modem<\/td>\r\n<td>\u00a0Repeater STM32-DVM auf Arduino DUE<\/td>\r\n<\/tr>\r\n<tr>\r\n<td>\u00a0Computer<\/td>\r\n<td>\u00a0Raspberry Pi 3B+ mit MMI Multimode Platine<\/td>\r\n<\/tr>\r\n<tr>\r\n<td>\u00a0Software<\/td>\r\n<td>\u00a0Linux + SVXLINK + MMDVMHost + ircddbgateway (G4KLX)<\/td>\r\n<\/tr>\r\n<tr>\r\n<td>\u00a0Betreiber<\/td>\r\n<td>\u00a0DG8JT<\/td>\r\n<\/tr>\r\n<tr>\r\n<td>\u00a0Inbetriebnahme<\/td>\r\n<td>\u00a029.4.2024<\/td>\r\n<\/tr>\r\n<tr>\r\n<td>\u00a0Zuteilungsinhaber<\/td>\r\n<td>DG8JT<\/td>\r\n<\/tr>\r\n<tr>\r\n<td>\u00a0Sysop<\/td>\r\n<td>\r\n<p>DG8JTqweb.de<\/p>\r\n<\/td>\r\n<\/tr>\r\n<\/tbody>\r\n<\/table>\r\n<p><strong>2 Meter Echolink FM Zugang <\/strong><\/p>\r\n<p>&nbsp;<\/p>\r\n<table width=\"1298\">\r\n<tbody>\r\n<tr>\r\n<td>\u00a0Rufzeichen<\/td>\r\n<td>DB0NPR<\/td>\r\n<\/tr>\r\n<tr>\r\n<td>\r\n<p>TX und RX Frequenz (simplex)<\/p>\r\n<p>Motorola GM380<\/p>\r\n<p>Stahlungsleistung<\/p>\r\n<\/td>\r\n<td>\r\n<p>145.2375 Mhz mit CTCSS 103.5 Hz<\/p>\r\n<p>&nbsp;<\/p>\r\n<p>10 Watt<\/p>\r\n<\/td>\r\n<\/tr>\r\n<tr>\r\n<td>Antenne<\/td>\r\n<td>Procom CXL 2-1\/Lw<\/td>\r\n<\/tr>\r\n<tr>\r\n<td>Banbreite<\/td>\r\n<td>12,5 Khz<\/td>\r\n<\/tr>\r\n<tr>\r\n<td>\r\n<p>Raspberry Pi 4<\/p>\r\n<\/td>\r\n<td>\r\n<p>\u00a0Elenata Platine (FM-Funknetz)<\/p>\r\n<\/td>\r\n<\/tr>\r\n<tr>\r\n<td>\u00a0Modulation<\/td>\r\n<td>FM<\/td>\r\n<\/tr>\r\n<tr>\r\n<td>Zuteilungsinhaber<\/td>\r\n<td>DG8JT<\/td>\r\n<\/tr>\r\n<\/tbody>\r\n<\/table>\r\n<p><!-- \/wp:image -->\r\n\r\n<!-- wp:paragraph --><\/p>\r\n<div class=\"wp-block-group\">\r\n<p><img loading=\"lazy\" decoding=\"async\" class=\"wp-image-181\" src=\"https:\/\/www.db0npr.de\/wp-content\/uploads\/2024\/09\/Rep-225x300-1.jpeg\" alt=\"DB0NPR Tranceiver\" width=\"450\" height=\"600\" \/><\/p>\r\n<\/div>\r\n<!-- \/wp:paragraph -->","protected":false},"excerpt":{"rendered":"<p>DB0NPR 70cm MMDVM-Multimode (SVXLINK \/ D-STAR \/ DMR \/ C4FM) DB0NPR wir mit folgender Ausstattung betrieben: Raspberry PI3 mit MMDVM und einer Multimode Platine f\u00fcr die Betriebsarten FM \/ DMR \/ D-STAR \/ C4FM Das MMI MultiModeInterface erkennt, ob es sich um ein digital oder analog Signal handelt und schaltet entsprechend auf den MMDVM (digital)\u00a0 <a class=\"more-link\" href=\"https:\/\/www.db0npr.de\/index.php\/technik\/\">Weiterlesen\u00a0\u2026<\/a><\/p>\n","protected":false},"author":1,"featured_media":0,"parent":0,"menu_order":0,"comment_status":"open","ping_status":"closed","template":"","meta":{"footnotes":""},"class_list":["post-20","page","type-page","status-publish","hentry"],"_links":{"self":[{"href":"https:\/\/www.db0npr.de\/index.php\/wp-json\/wp\/v2\/pages\/20","targetHints":{"allow":["GET"]}}],"collection":[{"href":"https:\/\/www.db0npr.de\/index.php\/wp-json\/wp\/v2\/pages"}],"about":[{"href":"https:\/\/www.db0npr.de\/index.php\/wp-json\/wp\/v2\/types\/page"}],"author":[{"embeddable":true,"href":"https:\/\/www.db0npr.de\/index.php\/wp-json\/wp\/v2\/users\/1"}],"replies":[{"embeddable":true,"href":"https:\/\/www.db0npr.de\/index.php\/wp-json\/wp\/v2\/comments?post=20"}],"version-history":[{"count":29,"href":"https:\/\/www.db0npr.de\/index.php\/wp-json\/wp\/v2\/pages\/20\/revisions"}],"predecessor-version":[{"id":725,"href":"https:\/\/www.db0npr.de\/index.php\/wp-json\/wp\/v2\/pages\/20\/revisions\/725"}],"wp:attachment":[{"href":"https:\/\/www.db0npr.de\/index.php\/wp-json\/wp\/v2\/media?parent=20"}],"curies":[{"name":"wp","href":"https:\/\/api.w.org\/{rel}","templated":true}]}}