{"id":2,"date":"2024-09-07T14:26:37","date_gmt":"2024-09-07T12:26:37","guid":{"rendered":"http:\/\/192.168.1.105\/wordpress\/?page_id=2"},"modified":"2026-03-17T10:14:54","modified_gmt":"2026-03-17T09:14:54","slug":"beispiel-seite","status":"publish","type":"page","link":"https:\/\/www.db0npr.de\/","title":{"rendered":"Startseite"},"content":{"rendered":"<p><em>Willkommen bei DB0NPR, dem FM\/Multimode und Notfunk Relais im Landkreis Neuwied.<\/em><\/p>\r\n<p><em><!-- \/wp:post-content -->\r\n\r\n<!-- wp:paragraph --><\/em><\/p>\r\n<p>Mir ist es wichtig, das sich Funkfreunde die manchmal keinen optimalen Standort haben sich dennoch \u00fcber Relaisverbindungen unterhalten k\u00f6nnen. Ich hoffe dem ein oder anderen eine M\u00f6glichkeit geschaffen zu haben am deutschlandweiten Funkverkehr teilnehmen zu k\u00f6nnen.<\/p>\r\n<!-- \/wp:paragraph -->\r\n\r\n<!-- wp:group {\"layout\":{\"type\":\"constrained\"}} -->\r\n<div class=\"wp-block-group\"><!-- wp:quote -->\r\n<blockquote class=\"wp-block-quote\"><!-- wp:paragraph -->\r\n<p>Die Idee mit dem Relais kam eigentlich nach der <a href=\"https:\/\/www.zdf.de\/dokumentation\/momente-der-geschichte\/ahrtal-flut-katastrophe-100.html\" target=\"_blank\" rel=\"noopener\">verheerenden Flutkatastrophe im Ahrtal<\/a>, wo man leidlich erleben konnte, wie die Kommunikationsstruktur zusammengebrochen ist. Als Funkamateur hat man mit Sicherheit fast immer die M\u00f6glichkeit im Krisenfalle die Handfunke oder Mobilger\u00e4t zu aktivieren, um Hilfe oder einen Notruf absetzten zu k\u00f6nnen. Daher hier mein kleiner Relais Beitrag dazu!<\/p>\r\n<!-- \/wp:paragraph --><\/blockquote>\r\n<!-- \/wp:quote --><\/div>\r\n<!-- \/wp:group -->\r\n\r\n<!-- wp:paragraph -->\r\n<p><span style=\"color: #800080;\">\u00dcber eine R\u00fcckmeldung zu dieser Webseite als Kommentar oder E-Mail w\u00fcrde ich mich freuen!\u00a0<\/span><\/p>\r\n<hr \/>\r\n<p>Das Relais sendet zu jeden halben Stunde die Kennung in Sprache, Uhrzeit und Au\u00dfentemperatur am Relaisstandort und dazwischen alle 15 Min. in CW.<\/p>\r\n<p>QRG: <span style=\"color: #993300;\">439.2125 Mhz<\/span> &#8211; 7,6 Mhz Ablage 103.5 Hz CTCSS Subton und <span style=\"color: #993300;\">145.2375 Mhz<\/span> simplex 103.5 Hz CTCSS Subton<\/p>\r\n<p>Weiterhin werden Unwetterwarnungen des<a href=\"https:\/\/www.dwd.de\/DE\/wetter\/warnungen_aktuell\/warnlagebericht\/rheinland-pfalz_saarland\/warnlage_rps_node.html\" target=\"_blank\" rel=\"noopener\"> Deutschen Wetterdienstes<\/a> und <a href=\"https:\/\/www.gooddx.net\/\">6m\/4m\/2m\/70cm Ausbreitungsbedingungen<\/a> (Spots) per Sprachansage ausgestrahlt, um so Hinweise f\u00fcr den Kreis Neuwied zu geben. Infos hierzu unter der -&gt; <a href=\"https:\/\/www.db0npr.de\/index.php\/fm-betrieb\/\">Rubrik FM.<\/a><\/p>\r\n<p><strong>Ein besonderer Dank gilt an Uwe DB9JK und Gerrit DF8JO, die mit Technik und Messmitteln das Relais unterst\u00fctzen.<\/strong><\/p>\r\n<p>Viel Spa\u00df und tolle Verbindungen .<\/p>\r\n<p><!-- \/wp:paragraph -->\r\n\r\n<!-- wp:paragraph --><\/p>\r\n<p>73 Joachim DG8JT Sysop DB0NPR<\/p>\r\n<p>&nbsp;<\/p>\r\n<hr \/>\r\n<h5>20.12.2025 WetterInfo<\/h5>\r\n<p>Eine neue Funktion hat das Relais erhalten, soda\u00df man per <span style=\"color: #ff0000;\">DTMF Ton<\/span> lokale <span style=\"color: #ff0000;\">Wetterdaten<\/span> abrufen kann.<\/p>\r\n<p>Wenn der Repeater (nur auf 70cm) aktiviert ist, kann man per DTMF Sequenz folgende Funktionen aufrufen:<\/p>\r\n<p><span style=\"color: #ff0000;\">40#<\/span> &#8211; ruft das <span style=\"color: #ff0000;\">aktuelle Wetter<\/span> in Kurzform f\u00fcr den <span style=\"color: #ff0000;\">Kreis Neuwied <\/span>auf.<\/p>\r\n<p><span style=\"color: #ff0000;\">41#<\/span> &#8211; ruft die <span style=\"color: #ff0000;\">Unwetter Warnung<\/span> f\u00fcr den Keis <strong><span style=\"color: #ff0000;\">Altenkirchen<\/span><\/strong> auf, wenn Daten vorhanden kommt eine Ansage, ansonsten keine Meldung!<\/p>\r\n<p><span style=\"color: #ff0000;\">42#<\/span> &#8211; ruft die <span style=\"color: #ff0000;\">Unwetter Warnung<\/span> f\u00fcr den Keis <span style=\"color: #ff0000;\"><strong>Neuwied<\/strong><\/span> auf, wenn Daten vorhanden kommt eine Ansage, ansonsten keine Meldung!<\/p>\r\n<p><span style=\"color: #ff0000;\">43#<\/span> &#8211; ruft eine<span style=\"color: #ff0000;\"> Vorhersage<\/span> f\u00fcr die <span style=\"color: #ff0000;\">kommenden 3 Stunden<\/span> f\u00fcr den <span style=\"color: #ff0000;\">Kreis Neuwied <\/span>auf.<\/p>\r\n<p>Die Tonsequenz ruft ein Script im Hintergrund auf, das holt die aktuellen Daten aus dem Internet, wandelt den Text in Sprache um und sendet ihn \u00fcber das Relais aus!<\/p>\r\n<hr \/>\r\n<p><span style=\"color: #ff0000;\">16.03.2026<\/span> &#8211; <span style=\"color: #008000;\"><strong>Hab mal wieder ein wenig gebastelt und programmiert und eine <span style=\"color: #ff9900;\">&gt;&gt; <a style=\"color: #ff9900;\" href=\"https:\/\/www.db0npr.de\/index.php\/live-webcam\/\">Live WebCam<\/a> &lt;<\/span>&lt; installiert.\u00a0<\/strong><\/span><\/p>\r\n<hr \/>\r\n<p>Weitere Interessante Themen in Rubrik <a href=\"https:\/\/www.db0npr.de\/index.php\/links\/\">Links<\/a>:<\/p>\r\n<hr \/>\r\n<p>&nbsp;<\/p>","protected":false},"excerpt":{"rendered":"<p>Willkommen bei DB0NPR, dem FM\/Multimode und Notfunk Relais im Landkreis Neuwied. Mir ist es wichtig, das sich Funkfreunde die manchmal keinen optimalen Standort haben sich dennoch \u00fcber Relaisverbindungen unterhalten k\u00f6nnen. Ich hoffe dem ein oder anderen eine M\u00f6glichkeit geschaffen zu haben am deutschlandweiten Funkverkehr teilnehmen zu k\u00f6nnen. Die Idee mit dem Relais kam eigentlich nach <a class=\"more-link\" href=\"https:\/\/www.db0npr.de\/\">Weiterlesen\u00a0\u2026<\/a><\/p>\n","protected":false},"author":1,"featured_media":0,"parent":0,"menu_order":0,"comment_status":"open","ping_status":"open","template":"","meta":{"footnotes":""},"class_list":["post-2","page","type-page","status-publish","hentry"],"_links":{"self":[{"href":"https:\/\/www.db0npr.de\/index.php\/wp-json\/wp\/v2\/pages\/2","targetHints":{"allow":["GET"]}}],"collection":[{"href":"https:\/\/www.db0npr.de\/index.php\/wp-json\/wp\/v2\/pages"}],"about":[{"href":"https:\/\/www.db0npr.de\/index.php\/wp-json\/wp\/v2\/types\/page"}],"author":[{"embeddable":true,"href":"https:\/\/www.db0npr.de\/index.php\/wp-json\/wp\/v2\/users\/1"}],"replies":[{"embeddable":true,"href":"https:\/\/www.db0npr.de\/index.php\/wp-json\/wp\/v2\/comments?post=2"}],"version-history":[{"count":148,"href":"https:\/\/www.db0npr.de\/index.php\/wp-json\/wp\/v2\/pages\/2\/revisions"}],"predecessor-version":[{"id":923,"href":"https:\/\/www.db0npr.de\/index.php\/wp-json\/wp\/v2\/pages\/2\/revisions\/923"}],"wp:attachment":[{"href":"https:\/\/www.db0npr.de\/index.php\/wp-json\/wp\/v2\/media?parent=2"}],"curies":[{"name":"wp","href":"https:\/\/api.w.org\/{rel}","templated":true}]}}